{"id":1326,"date":"2026-03-14T08:39:12","date_gmt":"2026-03-14T08:39:12","guid":{"rendered":"https:\/\/georock.rs\/reference\/"},"modified":"2026-03-22T07:31:46","modified_gmt":"2026-03-22T07:31:46","slug":"publications","status":"publish","type":"page","link":"https:\/\/georock.rs\/en\/publications\/","title":{"rendered":"Publications"},"content":{"rendered":"\t\t<div data-elementor-type=\"wp-page\" data-elementor-id=\"1326\" class=\"elementor elementor-1326 elementor-915\" data-elementor-post-type=\"page\">\n\t\t\t\t<div class=\"elementor-element elementor-element-fa56465 e-flex e-con-boxed e-con e-parent\" data-id=\"fa56465\" data-element_type=\"container\" data-e-type=\"container\" data-settings=\"{&quot;background_background&quot;:&quot;classic&quot;}\">\n\t\t\t\t\t<div class=\"e-con-inner\">\n\t\t<div class=\"elementor-element elementor-element-973fb02 e-con-full e-flex e-con e-child\" data-id=\"973fb02\" data-element_type=\"container\" data-e-type=\"container\" data-settings=\"{&quot;background_background&quot;:&quot;classic&quot;}\">\n\t\t\t\t<\/div>\n\t\t\t\t\t<\/div>\n\t\t\t\t<\/div>\n\t\t<div class=\"elementor-element elementor-element-f904e4b e-flex e-con-boxed e-con e-parent\" data-id=\"f904e4b\" data-element_type=\"container\" data-e-type=\"container\">\n\t\t\t\t\t<div class=\"e-con-inner\">\n\t\t\t\t<div class=\"elementor-element elementor-element-de6ea91 elementor-widget elementor-widget-text-editor\" data-id=\"de6ea91\" data-element_type=\"widget\" data-e-type=\"widget\" data-widget_type=\"text-editor.default\">\n\t\t\t\t\t\t\t\t\t<p><strong>Publications<\/strong><\/p>\n<p>All listed publications are available upon request.<\/p>\n<p><strong><em>Papers in the field of rock mechanics<\/em><\/strong><\/p>\n<ol>\n<li>Berisavljevi\u0107, Z., Jovanovi\u0107, S., Popovi\u0107, M. (2026) Geotechnical assessment of rock slopes at the medieval fortification of Mile\u0161evac. Proceedings of the EUROCK2026, Skoplje, N. Macedonia, 15-19 September<\/li>\n<li>Melentijevi\u0107, S., Guti\u00e9rrez-Ch., J.G., Berisavljevi\u0107, Z., et al. (2025) Application of LEM, FEM and DEM in Stability Analysis of Highly Jointed Rock Slopes. Transportation Infrastructure Geotechnology 12, 135. https:\/\/doi.org\/10.1007\/s40515-025-00588-7<\/li>\n<li>Berisavljevi\u0107, Z., \u0110or\u0111evi\u0107, V. (2025) Overall block stability analysis of rock slope with semi-automatic extraction of joint properties from point cloud. Proceedings of the Rocscience international conference (RIC2025). Sydney, Australia<\/li>\n<li>Berisavljevi\u0107 Z, Berisavljevi\u0107 D. (2025) Grani\u010dna nosivost plitkih temelja na stenskoj masi. Izgradnja, Vol. 15-12, str. 138-146<\/li>\n<li>Melentijevi\u0107, S., Berisavljevi\u0107, Z., Berisavljevi\u0107, D., Ollala, C. (2024) Rock slope stability analysis under Hoek-Brown failure criterion with different flow rules. Bull Eng Geol Environ. 83:181 https:\/\/doi.org\/10.1007\/s10064-024-03667-0<\/li>\n<li>Marjanovi\u0107, M., Abolmasov, B., Berisavljevi\u0107, Z., et al. (2023) Pre-failure deformation monitoring as rockfall prediction tool. Proceedings of the EUROCK2021 (paper published in IOP Conf. Ser.: Earth Environ. Sci.&nbsp;833&nbsp;012197). https:\/\/doi.org\/10.1088\/1755-1315\/833\/1\/012197<\/li>\n<li>Berisavljevi\u0107, Z., Baji\u0107, D., Jovi\u010di\u0107, V. (2023) Development and Application of Methodology for Quantification of Overbreaks in Hard Rock Tunnel Construction. Appl. Sci. Vol.13, 1379. https:\/\/doi.org\/10.3390\/app13031379<\/li>\n<li>Berisavljevi\u0107, Z., Berisavljevi\u0107, D., Marjanovi\u0107, M., Melentijevi\u0107, S. (2023) Probabilistic analysis of anisotropic rock slope with reinforcement measures. Geomechanics and Engineering, Volume 34, Number 3, pages 285-301, https:\/\/doi.org\/10.12989\/gae.2023.34.3.285<\/li>\n<li>Berisavljevi\u0107 Z., Marjanovi\u0107 M., \u0110uri\u0107 U. (2023) Geotechnical aspects of construction of stressed ribbon bridge in U\u017eice old town. Geotechnical aspects of civil engineering and earthquake engineering, Vrnja\u010dka Banja. pp. 115-125 (ISBN 978-86-88897-17-4)<\/li>\n<li>Berisavljevi\u0107 D., Berisavljevi\u0107 Z., Melentijevi\u0107 S. (2022) The shear strength evaluation of rough and infilled joints and its indications for stability of rock cutting in schist rock mass. Bull. Eng. Geol. Environ. 81, 113 https:\/\/doi.org\/10.1007\/s10064-022-02580-8<\/li>\n<li>Berisavljevi\u0107 Z. (2020) Influence of weak interlayer thickness on strength degradation of composite samples. HSSR Mini-Symposium 2020, Graz, Austria (ISBN 978-3-900484-88-0)<\/li>\n<li>Berisavljevi\u0107 Z., Berisavljevi\u0107 D., Raki\u0107 D., Had\u017ei-Nikovi\u0107 G., Radi\u0107 Z. Strength of composite flysch samples under uniaxial compression (2018) Bull. Eng. Geol. Environ. 77: pp 791-802. https:\/\/doi.org\/10.1007\/s10064-017-1009-4<\/li>\n<li>Berisavljevic, Z., Berisavljevi\u0107, D., Raki\u0107, D., Radi\u0107, Z. (2018) Application of geological strength index for characterization of weathering-induced failures, Gra\u0111evinar, Vol.70(10), https:\/\/doi.org\/10.14256\/JCE.1876.2016<\/li>\n<li>Berisavljevi\u0107 Z., Berisavljevi\u0107 D., Marjanovi\u0107 M., Kru\u0161i\u0107 J., Melentijevi\u0107 S. (2021) Primena Q-slope sistema za klasifikaciju anizotropne stenske mase. Me\u0111unarodno nau\u010dno-stru\u010dno savetovanje \u201eZemljotresno in\u017eenjerstvo i Geotehni\u010dki aspekti gra\u0111evinarstva\u201d. V. Banja, 3-5 novembar<\/li>\n<li>Berisavljevi\u0107 Z., Berisavljevi\u0107 D., \u017dugi\u0107 \u017d. (2019) Slope stability analysis of anisotropic rock masses with directional strength models. The 8th International Conference \u2013 Geotechnics In Civil Engineering, Vrnja\u010dka Banja. pp. 301-310<\/li>\n<li>Berisavljevi\u0107, Z. Comments on \u201cAnalysis of the effect of freeze-thaw cycles on the degradation of mechanical parameters and slope stability\u201d. (2019) Bulletin of the engineering geology and the environment, Vol.78. https:\/\/doi:10.1007\/s10064-017-1048-x<\/li>\n<li>Abolmasov B., Marjanovi\u0107 M., Milenkovi\u0107 S., Peji\u0107 M., Berisavljevi\u0107 Z. (2018) Rockfall simulation on a rock slope along E75 road at km 890+725 to 891+093. Proceedings of the 16th Danube \u2010 European Conference on Geotechnical Engineering, Skopje. https:\/\/doi:10.1002\/cepa.682<\/li>\n<li>Berisavljevi\u0107 Z. (2018) Construction of high cuttings as a part of Corridor X highway project &#8211; geotechnical investigations, design and construction. Contemporary civil engineering practice. 2018, Andrevlje, pp. 7-26. (ISBN 978-86-6022-041-9)<\/li>\n<li>Berisavljevi\u0107 Z., \u010caki L., Raki\u0107 D., Ha\u017ei-Nikovi\u0107 G., Berisavljevi\u0107 D. (2017) Analiza stabilnosti kosina u blokovski izdeljenoj stenskoj masi. Sedmo nau\u010dno-stru\u010dno savetovanje \u201eGeotehni\u010dki aspekti gra\u0111evinarstva\u201d. \u0160abac, 14-17 novembar<\/li>\n<li>Berisavljevi\u0107, Z. (2017) Weathering Characteristics of Heterogeneous Permian-Age Siltstone and Mudstone Sediments from Serbia. Proceedings of the EUROCK2017 (paper published in Procedia Engineering, 191). https:\/\/doi.org\/10.1016\/j.proeng.2017.05.290<\/li>\n<li>Berisavljevi\u0107 Z, Radi\u0107 Z., \u0110uri\u0107 U, Berisavljevi\u0107 D. (2016) High cuts on the critical path of the construction of Corridor 10 through Grdelica Gorge: contractural arrangements and site investigations. The 7th Conference of Slovenian Geotechnical Engineers, Pod\u010detrtek, Slovenia, pp. 57-63. (ISBN 978-961-93565-4-8)<\/li>\n<li>Berisavljevi\u0107 Z, \u0160u\u0161i\u0107 N, \u0106ori\u0107 S, Raki\u0107 D. (2016) High cuts on the critical path of the construction of Corridor 10 through Grdelica Gorge: design and construction. The 7th Conference of Slovenian Geotechnical Engineers, Pod\u010detrtek, Slovenia, pp. 65-69. (ISBN 978-961-93565-4-8)<\/li>\n<li>Berisavljevi\u0107 Z., Raki\u0107 D., \u0160u\u0161i\u0107 N., Berisavljevi\u0107 D. (2015) Definisanje parametara \u010dvrsto\u0107e na smicanje heterogene fli\u0161ne stenske mase \u2013 deo I (in\u017eenjerskogeolo\u0161ke karakteristike). \u0160esto nau\u010dno-stru\u010dno savetovanje SGIS \u201eGeotehni\u010dki aspekti gra\u0111evinarstva\u201d.<\/li>\n<li>Berisavljevi\u0107 Z., Raki\u0107 D., \u0160u\u0161i\u0107 N., Berisavljevi\u0107 D. (2015) Definisanje parametara \u010dvrsto\u0107e na smicanje heterogene fli\u0161ne stenske mase \u2013 deo II (geotehni\u010dke karakteristike). \u0160esto nau\u010dno-stru\u010dno savetovanje SGIS \u201eGeotehni\u010dki aspekti gra\u0111evinarstva\u201d.<\/li>\n<li>Berisavljevi\u0107 Z., Berisavljevi\u0107 D., \u010ceba\u0161ek V. (2015) Shear strength properties of Dimitrovgrad flysch, Southeastern Serbia. Bull Eng Geol Environ. Vol. 74: pp 759-773. https:\/\/doi.org\/10.1007\/s10064-014-0678-5<\/li>\n<\/ol>\n<p><strong><em>Papers in geotechnical engineering (soil and rock characterization, in situ tests, foundations, stability analyses)<\/em><\/strong><\/p>\n<ol start=\"26\">\n<li>Berisavljevi\u0107, Z. (2025) Performance monitoring and settlement analysis of shallow foundations under full-scale static load testing [In Serbian]. Proceedings of the \u201cImpact of natural hazards \u2013 landslides, rockfalls, floods, and earthquakes on civil engineering structures and infrastructure: research, monitoring, prevention and mitigation\u201d, Belgrade, Serbia. https:\/\/doi.org\/10.5937\/IASPN25099B<\/li>\n<li>Berisavljevi\u0107, Z. (2025) Soil liquefaction susceptibility assessment using CPTu and SPT test results. Proceedings of the Geotechnical aspects of civil engineering and earthquake engineering, Vrnja\u010dka Banja, Serbia. https:\/\/doi.org\/10.46793\/GEOAG25.336B<\/li>\n<li>Berisavljevi\u0107, Z., (2025) Reliability Assessment of Slope Stability With Stepwise Increase in Slope Complexity. Proceedings of the Rocscience international conference (RIC2025). Sydney, Australia<\/li>\n<li>Berisavljevi\u0107 D., Berisavljevi\u0107 Z. (2025) Engineering properties and characterisation of sediments at the Belgrade Waterfront test site. AIMS Geosciences, Vol. 11, Issue 3:&nbsp;600-628.&nbsp;doi:&nbsp;10.3934\/geosci.2025026<\/li>\n<li>Berisavljevi\u0107 Z., Berisavljevi\u0107 D., \u017dugi\u0107 \u017d (2022) Analiza sleganja nasipa na deonici autoputa Obrenovac \u2013 Ub. Zapisnici Srpskog geolo\u0161kog dru\u0161tva za 2021. godinu, pp 22-35. ISSN 0372-9966<\/li>\n<li>Berisavljevi\u0107 D., Berisavljevi\u0107 Z. (2021) Dilatometer and seismic dilatometer tests in different depositional environments. 6th International Conference on Geotechnical and Geophysical Site Characterization. Budapest (SMA for the best paper)<\/li>\n<li>Berisavljevi\u0107 D., Berisavljevi\u0107 Z., Melentijevi\u0107 S., \u017dugi\u0107 \u017d. (2021) Uticaj strukture na mehani\u010dko pona\u0161anje lesa. Me\u0111unarodno nau\u010dno-stru\u010dno savetovanje SGIS \u201eZemljotresno in\u017eenjerstvo i Geotehni\u010dki aspekti gra\u0111evinarstva\u201d. V. Banja, 3-5 novembar<\/li>\n<li>Berisavljevi\u0107 D., Berisavljevi\u0107 Z. (2019) Determination of the presence of microstructure in a soil using a seismic dilatometer. Bull. Eng. Geol. Environ. 78: pp 1709-1725. https:\/\/doi.org\/10.1007\/s10064-018-1234-5<\/li>\n<li>\u017dugi\u0107 \u017d., Berisavljevi\u0107 D., Berisavljevi\u0107 Z. (2019) Stanje nauke i prakse u oblasti dinamike tla i zemljotresno-geotehni\u010dkog in\u017eenjerstva. Osmo nau\u010dno-stru\u010dno savetovanje SGIS \u201eGeotehni\u010dki aspekti gra\u0111evinarstva\u201d. V. Banja, 13-15 novembar<\/li>\n<li>Berisavljevi\u0107 Z., \u017dugi\u0107 \u017d. (2019) Motorway embankment construction using rockfill, a case study from Serbia. ISRM Specialized conference \u201cGeotechnical challenges in Karst\u201c, Omi\u0161, pp. 151-156. (ISBN 978-953-95486-8-9)<\/li>\n<li>Raki\u0107 D., Berisavljevi\u0107 Z., Basari\u0107 I., Bogdanovi\u0107 S., Jankovi\u0107-Panti\u0107 J. (2019) Geotechnical zoning of the terrain along the first section of E-80 highway in Serbia -SEETO route 7. Proceedings of the XVII ECSMGE-2019 Geotechnical Engineering foundation of the future, Reykjavik, Iceland. (ISBN 978-9935-9436-1-3)<\/li>\n<li>Raki\u0107 D., Berisavljevi\u0107 Z., Basari\u0107 I., Lazi\u0107 M., Stevanovi\u0107 M. (2018) Engineering-geological conditions for the construction of the first section of Ni\u0161-Plo\u010dnik highway. Proceedings of the 3rd Serbian Road Congress, June 14-15, Belgrade (ISBN 978-86-88541-10-7)<\/li>\n<li>Raki\u0107 D., Berisavljevi\u0107 Z., Basari\u0107 I., Lazi\u0107 M., Stevanovi\u0107 M. (2017) General geotechnical conditions for the construction of highway E-80 Ni\u0161 \u2013 Merdare, section: Ni\u0161 \u2013 Plo\u010dnik \u2013 part I. The 7th International Conference &#8211; Geotechnics In Civil Engineering, \u0160abac, pp. 75-82. (ISBN 978-86-88897-10-5)<\/li>\n<li>Raki\u0107 D., Berisavljevi\u0107 Z., Basari\u0107 I., Lazi\u0107 M., Stevanovi\u0107 M. (2017) General geotechnical conditions for the construction of highway E-80 Ni\u0161 \u2013 Merdare, section: Ni\u0161 \u2013 Plo\u010dnik \u2013 part II. The 7th International Conference &#8211; Geotechnics In Civil Engineering, \u0160abac, pp. 83-92. (ISBN 978-86-88897-10-5)<\/li>\n<li>Raki\u0107 D., Basari\u0107 I., Berisavljevi\u0107 Z., Berisavljevi\u0107 D. (2016) Geotechnical characteristics of industrial waste slag and sludge from Smederevo steel mill, Serbia. Journal of Environmental Protection and Ecology, vol.17 No. 2. pp. 512-522<\/li>\n<li>Berisavljevi\u0107 Z., Berisavljevi\u0107 D., \u010ceba\u0161ek V., Raki\u0107 D. (2015) Slope stability analyses using limit equilibrium and soil strength reduction methods. Gra\u0111evinar. 2015. Vol.67(10). pp. 975-983 https:\/\/doi.org\/10.14256\/JCE.1030.2014<\/li>\n<li>Berisavljevi\u0107 D., \u0160u\u0161i\u0107 N., Raki\u0107 D., Had\u017ei-Nikovi\u0107 G. i Berisavljevi\u0107 Z. (2015) Odre\u0111ivanje vrste tla i mikrostrukture iz SDMT opita. \u0160esto nau\u010dno-stru\u010dno savetovanje SGIS \u201eGeotehni\u010dki aspekti gra\u0111evinarstva\u201d<\/li>\n<li>Raki\u0107 D., Stevanovi\u0107 M., Berisavljevi\u0107 Z., Basari\u0107 I., Jankovi\u0107 J. (2015) Geotehni\u010dki uslovi fundiranja mosta preko Kameni\u010dke reke. Zbornik radova \u0161estog nau\u010dno-stru\u010dnog me\u0111unarodnog savetovanja Geotehni\u010dki aspekti gra\u0111evinarstva. Vr\u0161ac, pp. 83\u201393. (ISBN 978-86-88897-07-5)<\/li>\n<li>Raki\u0107 D., Berisavljevi\u0107 Z., Basari\u0107 I. (2015) Fizi\u010dko-mehani\u010dke karakteristike otpadne \u0161ljake i mulja iz \u017eelezare Smederevo. Me\u0111unarodna konferencija \u201cOtpadne vode, komunalni \u010dvrsti otpad i opasni otpad\u201d. Budva. str. 237\u2013241<\/li>\n<li>Berisavljevi\u0107 Z., Milenkovi\u0107 S., Berisavljevi\u0107 D., \u0160u\u0161i\u0107 N. (2014) Convergence Predictions and Primary Support Optimization of the Tunnel Progon. Engineering Geology for Society and Territory &#8211; Volume 6, pp 323-328<\/li>\n<li>Berisavljevi\u0107 D., Berisavljevi\u0107 Z., \u010ceba\u0161ek V., \u0160u\u0161i\u0107 N. (2014) Characterisation of collapsing loess by seismic dilatometer. Engineering geology. Vol. 181. pp. 180-189. https:\/\/doi.org\/10.1016\/j.enggeo.2014.07.011<\/li>\n<li>Berisavljevi\u0107 Z. (2014) Tuneli na koridorima 10 i 11 &#8211; geotehni\u010dka istra\u017eivanja, projektovanje i gra\u0111enje. Savremena gra\u0111evinska praksa 2014. Andrevlje, str. 165\u2013188. (ISBN: 978-86-7892-593-1)<\/li>\n<li>Raki\u0107 D., Berisavljevi\u0107 Z., Basari\u0107 I. \u0110uri\u0107 U. (2014) The Importance of the Existing Engineering Geological Conditions During the Building Construction on the Terrain Affected by Sliding. Proceedings of XII IAEG congress 2014, G. Lollino et al. (eds.), Engineering Geology for Society and Territory. Torino. Vol.6. pp. 285-289. https:\/\/doi.org\/10.1007\/978-3-319-09060-3_47<\/li>\n<li>\u0106ori\u0107 S., \u010caki L., Raki\u0107 D., Ubiparip B., Berisavljevi\u0107 Z. (2012) Geotechnical aspects of three dimenzional stability analysis of landslides. In: Proceedings of the International Scientific Conference INDIS 2012, Novi Sad, pp. 361-69. (ISBN 978-86-7892-453-8)<\/li>\n<li>Berisavljevi\u0107 Z. (2012) Komparativna analiza stabilnosti kosina metodama grani\u010dne ravnote\u017ee i metodom kona\u010dnih elemenata. Izgradnja. Vol. 1. str. 9\u201315. (ISSN 0350-5421)<\/li>\n<li>Berisavljevi\u0107 Z. (2011) Monitoring of the landslides on the Pan-European corridor X in the purpose of environmental protection. Young Researchers Seminar 2011. Copenhagen, Denmark, pp. 40-56<\/li>\n<li>Spasojevi\u0107 S.,Mitrovi\u0107 P., Vujani\u0107 V., Joti\u0107 M., Berisavljevi\u0107 Z. (2011) The Application of EPS in Geotechnical Practice: a Case Study from Serbia. In: Proceedings of the 4th International Conference on the use of Geofoam Blocks in Construction Applications &#8211; EPS2011. Lillestrom, Norway<\/li>\n<li>Berisavljevi\u0107 Z. (2011) Analiza stabilnosti otvorenog iskopa za tunel \u201eBeli potok\u201c. Put i Saobra\u0107aj. Vol. 3. str. 17\u201322. (ISSN 0478-9733)<\/li>\n<li>\n<div class=\"flex flex-col text-sm pb-25\">\n<section class=\"text-token-text-primary w-full focus:outline-none [--shadow-height:45px] has-data-writing-block:pointer-events-none has-data-writing-block:-mt-(--shadow-height) has-data-writing-block:pt-(--shadow-height) [&amp;:has([data-writing-block])&gt;*]:pointer-events-auto scroll-mt-[calc(var(--header-height)+min(200px,max(70px,20svh)))]\" dir=\"auto\" data-turn-id=\"request-WEB:a5234b46-868f-4b10-af9f-d5cdaa796777-27\" data-testid=\"conversation-turn-56\" data-scroll-anchor=\"true\" data-turn=\"assistant\">\n<div class=\"text-base my-auto mx-auto pb-10 [--thread-content-margin:var(--thread-content-margin-xs,calc(var(--spacing)*4))] @w-sm\/main:[--thread-content-margin:var(--thread-content-margin-sm,calc(var(--spacing)*6))] @w-lg\/main:[--thread-content-margin:var(--thread-content-margin-lg,calc(var(--spacing)*16))] px-(--thread-content-margin)\">\n<div class=\"[--thread-content-max-width:40rem] @w-lg\/main:[--thread-content-max-width:48rem] mx-auto max-w-(--thread-content-max-width) flex-1 group\/turn-messages focus-visible:outline-hidden relative flex w-full min-w-0 flex-col agent-turn\">\n<div class=\"flex max-w-full flex-col gap-4 grow\">\n<div class=\"min-h-8 text-message relative flex w-full flex-col items-end gap-2 text-start break-words whitespace-normal outline-none keyboard-focused:focus-ring [.text-message+&amp;]:mt-1\" dir=\"auto\" tabindex=\"0\" data-message-author-role=\"assistant\" data-message-id=\"29c3feb1-5ffc-4266-ad5e-cdacd64fff5e\" data-message-model-slug=\"gpt-5-3\" data-turn-start-message=\"true\">\n<div class=\"flex w-full flex-col gap-1 empty:hidden\">\n<div class=\"markdown prose dark:prose-invert w-full wrap-break-word light markdown-new-styling\">\n<p data-start=\"0\" data-end=\"285\" data-is-last-node=\"\" data-is-only-node=\"\">Berisavljevi\u0107 Z., Ubiparip B., Joti\u0107 S. (2011) Analiza stabilnosti otvorenog iskopa za tunel \u201eBeli potok\u201c \u2013 obilaznica (Beograd). Zbornik radova \u010detvrtog nau\u010dno-stru\u010dnog savetovanja Geotehni\u010dki aspekti gra\u0111evinarstva. Zlatibor, 1\u20133. novembar, str. 239\u2013249. (ISBN 978-86-88897-00-6)<\/p>\n<\/div>\n<\/div>\n<\/div>\n<\/div>\n<\/div>\n<\/div>\n<\/section>\n<\/div>\n<\/li>\n<li>Berisavljevi\u0107 Z. (2010) Problems in predicting the behaviour of the road embankment built on a soft soil. In: Proceedings of the 20th EYGEC. Brno, Czech Republic. pp. 242-47<\/li>\n<li>Berisavljevi\u0107 Z., Ubiparip B. (2010) Nasipi na slabo nosivom tlu, izbor najpovoljnije varijante. Institut za puteve. Vol. 39. str. 27\u201334. (ISSN 0350-6355)<\/li>\n<li>Berisavljevi\u0107 Z. (2009) Nelinearno naponsko-deformacijsko pona\u0161anje tla \u2013 primer matemati\u010dke formulacije modela i mogu\u0107nosti primene. Institut za puteve. Vol. 38. str. 42\u201348. (ISSN 0350-6355)<\/li>\n<li>Raki\u0107 D., Nikoli\u0107 A., Kosti\u0107 S., Berisavljevi\u0107 Z. (2009) Geotehni\u010dka istra\u017eivanja terena za potrebe izgradnje tr\u017enog centra \u201cMerkur\u201d na Karaburmi. Zbornik radova sa tre\u0107eg nau\u010dno-stru\u010dnog savetovanja \u2013 Geotehni\u010dki aspekti gra\u0111evinarstva, Zlatibor, 20\u201323. oktobar, str. 123\u2013128. (ISBN 978-86-904089-7-9)<\/li>\n<\/ol>\n<p><strong><em>Book (monograph)<\/em><\/strong><\/p>\n<ol start=\"59\">\n<li>Berisavljevi\u0107 Z., Berisavljevi\u0107 D., Marijanovi\u0107 M. (2021) Stabilnost kosina u stenskoj masi &#8211; savremeni koncepti i metode prora\u010duna, Univerzitet u Beogradu, Rudarsko-geolo\u0161ki fakultet (ISBN 978-86-7352-361-3)<\/li>\n<\/ol>\t\t\t\t\t\t\t\t<\/div>\n\t\t\t\t\t<\/div>\n\t\t\t\t<\/div>\n\t\t\t\t<\/div>\n\t\t","protected":false},"excerpt":{"rendered":"<p>Publications All listed publications are available upon request. Papers in the field of rock mechanics Berisavljevi\u0107, Z., Jovanovi\u0107, S., Popovi\u0107, M. (2026) Geotechnical assessment of rock slopes at the medieval fortification of Mile\u0161evac. Proceedings of the EUROCK2026, Skoplje, N. Macedonia, 15-19 September Melentijevi\u0107, S., Guti\u00e9rrez-Ch., J.G., Berisavljevi\u0107, Z., et al. (2025) Application of LEM, FEM [&hellip;]<\/p>\n","protected":false},"author":1,"featured_media":0,"parent":0,"menu_order":0,"comment_status":"closed","ping_status":"closed","template":"","meta":{"footnotes":""},"class_list":["post-1326","page","type-page","status-publish","hentry"],"_links":{"self":[{"href":"https:\/\/georock.rs\/en\/wp-json\/wp\/v2\/pages\/1326","targetHints":{"allow":["GET"]}}],"collection":[{"href":"https:\/\/georock.rs\/en\/wp-json\/wp\/v2\/pages"}],"about":[{"href":"https:\/\/georock.rs\/en\/wp-json\/wp\/v2\/types\/page"}],"author":[{"embeddable":true,"href":"https:\/\/georock.rs\/en\/wp-json\/wp\/v2\/users\/1"}],"replies":[{"embeddable":true,"href":"https:\/\/georock.rs\/en\/wp-json\/wp\/v2\/comments?post=1326"}],"version-history":[{"count":18,"href":"https:\/\/georock.rs\/en\/wp-json\/wp\/v2\/pages\/1326\/revisions"}],"predecessor-version":[{"id":1564,"href":"https:\/\/georock.rs\/en\/wp-json\/wp\/v2\/pages\/1326\/revisions\/1564"}],"wp:attachment":[{"href":"https:\/\/georock.rs\/en\/wp-json\/wp\/v2\/media?parent=1326"}],"curies":[{"name":"wp","href":"https:\/\/api.w.org\/{rel}","templated":true}]}}